{"id":1050,"date":"2026-01-12T13:11:12","date_gmt":"2026-01-12T12:11:12","guid":{"rendered":"http:\/\/localhost:8888\/?page_id=1050"},"modified":"2026-02-04T18:52:43","modified_gmt":"2026-02-04T17:52:43","slug":"impressum","status":"publish","type":"page","link":"https:\/\/rodltal-huetten.at\/en\/impressum\/","title":{"rendered":"Imprint"},"content":{"rendered":"<div data-elementor-type=\"wp-page\" data-elementor-id=\"1050\" class=\"elementor elementor-1050\">\n\t\t\t\t<div class=\"elementor-element elementor-element-2cabdac e-flex e-con-boxed e-con e-parent\" data-id=\"2cabdac\" data-element_type=\"container\" data-e-type=\"container\">\n\t\t\t\t\t<div class=\"e-con-inner\">\n\t\t<div class=\"elementor-element elementor-element-dff9527 e-con-full e-flex e-con e-child\" data-id=\"dff9527\" data-element_type=\"container\" data-e-type=\"container\">\n\t\t\t\t<div class=\"elementor-element elementor-element-e562b0f elementor-widget elementor-widget-heading\" data-id=\"e562b0f\" data-element_type=\"widget\" data-e-type=\"widget\" data-widget_type=\"heading.default\">\n\t\t\t\t\t<h1 class=\"elementor-heading-title elementor-size-default\">Imprint<\/h1>\t\t\t\t<\/div>\n\t\t\t\t<div class=\"elementor-element elementor-element-c6ae859 elementor-widget elementor-widget-text-editor\" data-id=\"c6ae859\" data-element_type=\"widget\" data-e-type=\"widget\" data-widget_type=\"text-editor.default\">\n\t\t\t\t\t\t\t\t\t<p>rodltal-huetten<\/p><p class=\"translation-block\"><strong>BUSINESS DESCRIPTION (type of business: independent business):<\/strong><br>\nHospitality industry in the accommodation sector for guests<\/p><p class=\"translation-block\"><strong>Headquarters:<\/strong><br>Maierleiten 62<br>4201 Gramastetten, Austria<\/p><p>Tel: +43 681 105 138 11<br \/>E-Mail: office (at) rodltal-huetten.at<\/p><p class=\"translation-block\"><strong>Managing Director:<\/strong><br>Stefan Gruber<\/p><p class=\"translation-block\"><strong>Commercial register court:<\/strong><br>Authority: District administration of Urfahr-Umgebung<br>GISA number: 37284329<\/p><p class=\"translation-block\"><strong>Professional law:<\/strong><br>Trade Regulation Act: www.ris.bka.gv.at Urfahr-Umgebung District Administration<br>Consumers have the option of submitting complaints to the EU's online dispute resolution platform: http:\/\/ec.europa.eu\/odr.<br>You can also send any complaints to the email address provided above.<\/p>\t\t\t\t\t\t\t\t<\/div>\n\t\t\t\t<\/div>\n\t\t\t\t\t<\/div>\n\t\t\t\t<\/div>\n\t\t\t\t<\/div>","protected":false},"excerpt":{"rendered":"<p>Impressum rodltal-huetten GEWERBEWORTLAUT (Gewerbeart: freies Gewerbe):Gastgewerbe in der Betriebsart Beherbergung G\u00e4sten Sitz:Maierleiten 624201 Gramastetten, \u00d6sterreich Tel: +43 681 105 138 11E-Mail: office (at) rodltal-huetten.at Gesch\u00e4ftsf\u00fchrer:Stefan Gruber\u00a0 Firmenbuchgericht:Beh\u00f6rde: Bezirkshauptmannschaft Urfahr-UmgebungGISA-Zahl: 37284329 Berufsrecht:Gewerbeordnung: www.ris.bka.gv.at Bezirkshauptmannschaft Urfahr-UmgebungVerbraucher haben die M\u00f6glichkeit, Beschwerden an die Online- Streitbeilegungsplattform der EU zu richten: http:\/\/ec.europa.eu\/odr.Sie k\u00f6nnen allf\u00e4llige Beschwerde auch an die oben angegebene E-Mail-Adresse richten.<\/p>","protected":false},"author":2,"featured_media":0,"parent":0,"menu_order":0,"comment_status":"closed","ping_status":"closed","template":"","meta":{"footnotes":""},"class_list":["post-1050","page","type-page","status-publish","hentry"],"_links":{"self":[{"href":"https:\/\/rodltal-huetten.at\/en\/wp-json\/wp\/v2\/pages\/1050","targetHints":{"allow":["GET"]}}],"collection":[{"href":"https:\/\/rodltal-huetten.at\/en\/wp-json\/wp\/v2\/pages"}],"about":[{"href":"https:\/\/rodltal-huetten.at\/en\/wp-json\/wp\/v2\/types\/page"}],"author":[{"embeddable":true,"href":"https:\/\/rodltal-huetten.at\/en\/wp-json\/wp\/v2\/users\/2"}],"replies":[{"embeddable":true,"href":"https:\/\/rodltal-huetten.at\/en\/wp-json\/wp\/v2\/comments?post=1050"}],"version-history":[{"count":13,"href":"https:\/\/rodltal-huetten.at\/en\/wp-json\/wp\/v2\/pages\/1050\/revisions"}],"predecessor-version":[{"id":1706,"href":"https:\/\/rodltal-huetten.at\/en\/wp-json\/wp\/v2\/pages\/1050\/revisions\/1706"}],"wp:attachment":[{"href":"https:\/\/rodltal-huetten.at\/en\/wp-json\/wp\/v2\/media?parent=1050"}],"curies":[{"name":"wp","href":"https:\/\/api.w.org\/{rel}","templated":true}]}}