{"id":494,"date":"2026-01-06T22:35:00","date_gmt":"2026-01-06T21:35:00","guid":{"rendered":"http:\/\/localhost:8888\/?page_id=494"},"modified":"2026-02-12T14:51:53","modified_gmt":"2026-02-12T13:51:53","slug":"kontakt-anreise","status":"publish","type":"page","link":"https:\/\/rodltal-huetten.at\/en\/kontakt-anreise\/","title":{"rendered":"Contact &amp; Arrival"},"content":{"rendered":"<div data-elementor-type=\"wp-page\" data-elementor-id=\"494\" class=\"elementor elementor-494\">\n\t\t\t\t<div class=\"elementor-element elementor-element-0c8d6f0 e-flex e-con-boxed e-con e-parent\" data-id=\"0c8d6f0\" data-element_type=\"container\" data-e-type=\"container\">\n\t\t\t\t\t<div class=\"e-con-inner\">\n\t\t<div class=\"elementor-element elementor-element-ae221cf e-con-full e-flex e-con e-child\" data-id=\"ae221cf\" data-element_type=\"container\" data-e-type=\"container\">\n\t\t\t\t<div class=\"elementor-element elementor-element-54416f1 elementor-widget__width-initial elementor-widget elementor-widget-heading\" data-id=\"54416f1\" data-element_type=\"widget\" data-e-type=\"widget\" data-widget_type=\"heading.default\">\n\t\t\t\t\t<h1 class=\"elementor-heading-title elementor-size-default\">Contact &amp; Arrival<\/h1>\t\t\t\t<\/div>\n\t\t\t\t<\/div>\n\t\t<div class=\"elementor-element elementor-element-8f1e527 e-con-full e-flex e-con e-child\" data-id=\"8f1e527\" data-element_type=\"container\" data-e-type=\"container\">\n\t\t\t\t<div class=\"elementor-element elementor-element-2bac725 elementor-widget-tablet__width-initial elementor-widget elementor-widget-text-editor\" data-id=\"2bac725\" data-element_type=\"widget\" data-e-type=\"widget\" data-widget_type=\"text-editor.default\">\n\t\t\t\t\t\t\t\t\t<p>Do you have any questions, special requests, or would you like to learn more about the cabins? Feel free to contact us. We are happy to help and look forward to hearing from you.<\/p>\t\t\t\t\t\t\t\t<\/div>\n\t\t\t\t<\/div>\n\t\t\t\t\t<\/div>\n\t\t\t\t<\/div>\n\t\t<div class=\"elementor-element elementor-element-1869c64 e-flex e-con-boxed e-con e-parent\" data-id=\"1869c64\" data-element_type=\"container\" data-e-type=\"container\" data-settings=\"{&quot;background_background&quot;:&quot;classic&quot;}\">\n\t\t\t\t\t<div class=\"e-con-inner\">\n\t\t<div class=\"elementor-element elementor-element-bab8308 e-con-full e-flex e-con e-child\" data-id=\"bab8308\" data-element_type=\"container\" data-e-type=\"container\">\n\t\t\t\t<div class=\"elementor-element elementor-element-e71fe12 elementor-widget elementor-widget-heading\" data-id=\"e71fe12\" data-element_type=\"widget\" data-e-type=\"widget\" data-widget_type=\"heading.default\">\n\t\t\t\t\t<h2 class=\"elementor-heading-title elementor-size-default\">Rodlhaus GruB\u00c4R<\/h2>\t\t\t\t<\/div>\n\t\t\t\t<div class=\"elementor-element elementor-element-11fe68a elementor-widget elementor-widget-text-editor\" data-id=\"11fe68a\" data-element_type=\"widget\" data-e-type=\"widget\" data-widget_type=\"text-editor.default\">\n\t\t\t\t\t\t\t\t\t<p>Maierleiten 62, <br \/>4201 Gramastetten<\/p>\t\t\t\t\t\t\t\t<\/div>\n\t\t\t\t<\/div>\n\t\t<div class=\"elementor-element elementor-element-823297d e-con-full e-flex e-con e-child\" data-id=\"823297d\" data-element_type=\"container\" data-e-type=\"container\">\n\t\t\t\t<div class=\"elementor-element elementor-element-f9d71b2 elementor-widget elementor-widget-heading\" data-id=\"f9d71b2\" data-element_type=\"widget\" data-e-type=\"widget\" data-widget_type=\"heading.default\">\n\t\t\t\t\t<h3 class=\"elementor-heading-title elementor-size-default\">Stefan Gruber<\/h3>\t\t\t\t<\/div>\n\t\t\t\t<div class=\"elementor-element elementor-element-96b8b97 elementor-widget elementor-widget-text-editor\" data-id=\"96b8b97\" data-element_type=\"widget\" data-e-type=\"widget\" data-widget_type=\"text-editor.default\">\n\t\t\t\t\t\t\t\t\t<p>+43 681 105 138 11<br \/><a href=\"mailto:office@rodltal-huetten.at\">office@rodltal-huetten.at<\/a><\/p>\t\t\t\t\t\t\t\t<\/div>\n\t\t\t\t<div class=\"elementor-element elementor-element-8b91e33 e-grid-align-left elementor-shape-rounded elementor-grid-0 elementor-widget elementor-widget-social-icons\" data-id=\"8b91e33\" data-element_type=\"widget\" data-e-type=\"widget\" data-widget_type=\"social-icons.default\">\n\t\t\t\t\t\t\t<div class=\"elementor-social-icons-wrapper elementor-grid\">\n\t\t\t\t\t\t\t<span class=\"elementor-grid-item\">\n\t\t\t\t\t<a class=\"elementor-icon elementor-social-icon elementor-social-icon-whatsapp elementor-repeater-item-f0b5e57\" href=\"https:\/\/wa.me\/4368110513811\" target=\"_blank\">\n\t\t\t\t\t\t<span class=\"elementor-screen-only\">Whatsapp<\/span>\n\t\t\t\t\t\t<i aria-hidden=\"true\" class=\"fab fa-whatsapp\"><\/i>\t\t\t\t\t<\/a>\n\t\t\t\t<\/span>\n\t\t\t\t\t<\/div>\n\t\t\t\t\t\t<\/div>\n\t\t\t\t<\/div>\n\t\t<div class=\"elementor-element elementor-element-32ed13b e-con-full e-flex e-con e-child\" data-id=\"32ed13b\" data-element_type=\"container\" data-e-type=\"container\" data-settings=\"{&quot;background_background&quot;:&quot;classic&quot;}\">\n\t\t\t\t<\/div>\n\t\t\t\t\t<\/div>\n\t\t\t\t<\/div>\n\t\t<div class=\"elementor-element elementor-element-1300a19 e-flex e-con-boxed e-con e-parent\" data-id=\"1300a19\" data-element_type=\"container\" data-e-type=\"container\" id=\"anreise\">\n\t\t\t\t\t<div class=\"e-con-inner\">\n\t\t<div class=\"elementor-element elementor-element-b7e8f93 e-con-full e-flex e-con e-child\" data-id=\"b7e8f93\" data-element_type=\"container\" data-e-type=\"container\" data-settings=\"{&quot;background_background&quot;:&quot;classic&quot;}\">\n\t\t\t\t<div class=\"elementor-element elementor-element-b20e595 elementor-widget elementor-widget-heading\" data-id=\"b20e595\" data-element_type=\"widget\" data-e-type=\"widget\" data-widget_type=\"heading.default\">\n\t\t\t\t\t<h2 class=\"elementor-heading-title elementor-size-default\">A place to arrive<\/h2>\t\t\t\t<\/div>\n\t\t\t\t<div class=\"elementor-element elementor-element-1842274 elementor-widget elementor-widget-text-editor\" data-id=\"1842274\" data-element_type=\"widget\" data-e-type=\"widget\" data-widget_type=\"text-editor.default\">\n\t\t\t\t\t\t\t\t\t<p>Sometimes you don't need to be on the move, but rather a place to stay. A place where you can relax and do nothing else. That's exactly where we are \u2013 nestled in nature and far enough away to let go of everyday life.<\/p>\t\t\t\t\t\t\t\t<\/div>\n\t\t\t\t<div class=\"elementor-element elementor-element-dfa8728 elementor-widget elementor-widget-heading\" data-id=\"dfa8728\" data-element_type=\"widget\" data-e-type=\"widget\" data-widget_type=\"heading.default\">\n\t\t\t\t\t<h4 class=\"elementor-heading-title elementor-size-default\">Linz<\/h4>\t\t\t\t<\/div>\n\t\t\t\t<div class=\"elementor-element elementor-element-d38deab elementor-widget elementor-widget-text-editor\" data-id=\"d38deab\" data-element_type=\"widget\" data-e-type=\"widget\" data-widget_type=\"text-editor.default\">\n\t\t\t\t\t\t\t\t\t<p>15 km<\/p>\t\t\t\t\t\t\t\t<\/div>\n\t\t\t\t<div class=\"elementor-element elementor-element-7bd2a2a elementor-widget elementor-widget-heading\" data-id=\"7bd2a2a\" data-element_type=\"widget\" data-e-type=\"widget\" data-widget_type=\"heading.default\">\n\t\t\t\t\t<h4 class=\"elementor-heading-title elementor-size-default\">Salzburg<\/h4>\t\t\t\t<\/div>\n\t\t\t\t<div class=\"elementor-element elementor-element-920eb08 elementor-widget elementor-widget-text-editor\" data-id=\"920eb08\" data-element_type=\"widget\" data-e-type=\"widget\" data-widget_type=\"text-editor.default\">\n\t\t\t\t\t\t\t\t\t<p>150 km<\/p>\t\t\t\t\t\t\t\t<\/div>\n\t\t\t\t<div class=\"elementor-element elementor-element-b425fe6 elementor-widget elementor-widget-heading\" data-id=\"b425fe6\" data-element_type=\"widget\" data-e-type=\"widget\" data-widget_type=\"heading.default\">\n\t\t\t\t\t<h4 class=\"elementor-heading-title elementor-size-default\">Wien<\/h4>\t\t\t\t<\/div>\n\t\t\t\t<div class=\"elementor-element elementor-element-6042d5a elementor-widget elementor-widget-text-editor\" data-id=\"6042d5a\" data-element_type=\"widget\" data-e-type=\"widget\" data-widget_type=\"text-editor.default\">\n\t\t\t\t\t\t\t\t\t<p>200 km<\/p>\t\t\t\t\t\t\t\t<\/div>\n\t\t\t\t<div class=\"elementor-element elementor-element-c331ab6 elementor-widget elementor-widget-heading\" data-id=\"c331ab6\" data-element_type=\"widget\" data-e-type=\"widget\" data-widget_type=\"heading.default\">\n\t\t\t\t\t<h4 class=\"elementor-heading-title elementor-size-default\">M\u00fcnchen<\/h4>\t\t\t\t<\/div>\n\t\t\t\t<div class=\"elementor-element elementor-element-dc8ad89 elementor-widget elementor-widget-text-editor\" data-id=\"dc8ad89\" data-element_type=\"widget\" data-e-type=\"widget\" data-widget_type=\"text-editor.default\">\n\t\t\t\t\t\t\t\t\t<p>260 km<\/p>\t\t\t\t\t\t\t\t<\/div>\n\t\t\t\t<div class=\"elementor-element elementor-element-df8b181 elementor-widget elementor-widget-heading\" data-id=\"df8b181\" data-element_type=\"widget\" data-e-type=\"widget\" data-widget_type=\"heading.default\">\n\t\t\t\t\t<h4 class=\"elementor-heading-title elementor-size-default\">N\u00fcrnberg<\/h4>\t\t\t\t<\/div>\n\t\t\t\t<div class=\"elementor-element elementor-element-3dea8c6 elementor-widget elementor-widget-text-editor\" data-id=\"3dea8c6\" data-element_type=\"widget\" data-e-type=\"widget\" data-widget_type=\"text-editor.default\">\n\t\t\t\t\t\t\t\t\t<p>300 km<\/p>\t\t\t\t\t\t\t\t<\/div>\n\t\t\t\t<\/div>\n\t\t<div class=\"elementor-element elementor-element-29935ae e-con-full e-flex e-con e-child\" data-id=\"29935ae\" data-element_type=\"container\" data-e-type=\"container\">\n\t\t<div class=\"elementor-element elementor-element-c7174d5 e-con-full e-flex e-con e-child\" data-id=\"c7174d5\" data-element_type=\"container\" data-e-type=\"container\">\n\t\t\t\t<div class=\"elementor-element elementor-element-206ccf7 elementor-widget elementor-widget-heading\" data-id=\"206ccf7\" data-element_type=\"widget\" data-e-type=\"widget\" data-widget_type=\"heading.default\">\n\t\t\t\t\t<h3 class=\"elementor-heading-title elementor-size-default\">Arrival by car<\/h3>\t\t\t\t<\/div>\n\t\t\t\t<div class=\"elementor-element elementor-element-d6d6619 elementor-widget elementor-widget-text-editor\" data-id=\"d6d6619\" data-element_type=\"widget\" data-e-type=\"widget\" data-widget_type=\"text-editor.default\">\n\t\t\t\t\t\t\t\t\t<p class=\"translation-block\">Coming from <strong>Germany<\/strong>, drive via Passau to Austria and follow the B130 along the Danube towards Aschach an der Donau. Via Walding, follow the signs to Gramastetten.<\/p><p class=\"translation-block\">From <strong>Linz<\/strong>, take the B127 towards Rohrbach. After a few kilometers, turn off towards Gramastetten and follow the signs to Maierleiten.<\/p>\t\t\t\t\t\t\t\t<\/div>\n\t\t\t\t<div class=\"elementor-element elementor-element-e23bd6b elementor-widget elementor-widget-heading\" data-id=\"e23bd6b\" data-element_type=\"widget\" data-e-type=\"widget\" data-widget_type=\"heading.default\">\n\t\t\t\t\t<h3 class=\"elementor-heading-title elementor-size-default\">Arrival by train<\/h3>\t\t\t\t<\/div>\n\t\t\t\t<div class=\"elementor-element elementor-element-4d0f8ec elementor-widget elementor-widget-text-editor\" data-id=\"4d0f8ec\" data-element_type=\"widget\" data-e-type=\"widget\" data-widget_type=\"text-editor.default\">\n\t\t\t\t\t\t\t\t\t<p>The nearest major train station is Linz Central Station, which can be reached from many German cities either directly or with one change. There are regular bus connections from there.<\/p>\t\t\t\t\t\t\t\t<\/div>\n\t\t\t\t<div class=\"elementor-element elementor-element-c34ecba elementor-widget elementor-widget-heading\" data-id=\"c34ecba\" data-element_type=\"widget\" data-e-type=\"widget\" data-widget_type=\"heading.default\">\n\t\t\t\t\t<h3 class=\"elementor-heading-title elementor-size-default\">Arrival by plane<\/h3>\t\t\t\t<\/div>\n\t\t\t\t<div class=\"elementor-element elementor-element-7836534 elementor-widget elementor-widget-text-editor\" data-id=\"7836534\" data-element_type=\"widget\" data-e-type=\"widget\" data-widget_type=\"text-editor.default\">\n\t\t\t\t\t\t\t\t\t<p>Am bequemsten fliegen Sie zum Flughafen Linz. Von dort erreichen Sie Gramastetten mit dem Mietwagen oder per Bahn\/Bus \u00fcber Linz Hauptbahnhof. Alternativ sind auch die internationalen Flugh\u00e4fen M\u00fcnchen, Salzburg oder Wien m\u00f6glich, von wo aus Sie mit Bahn oder Auto weiterreisen k\u00f6nnen.<\/p>\t\t\t\t\t\t\t\t<\/div>\n\t\t\t\t<\/div>\n\t\t\t\t<div class=\"elementor-element elementor-element-eea1faa elementor-widget elementor-widget-image\" data-id=\"eea1faa\" data-element_type=\"widget\" data-e-type=\"widget\" data-widget_type=\"image.default\">\n\t\t\t\t\t\t\t\t\t\t\t\t\t\t\t<img fetchpriority=\"high\" decoding=\"async\" width=\"595\" height=\"273\" src=\"https:\/\/rodltal-huetten.at\/wp-content\/uploads\/2026\/02\/rodltal-huetten_anreise_do-kummst-her.svg\" class=\"attachment-full size-full wp-image-1753\" alt=\"\" \/>\t\t\t\t\t\t\t\t\t\t\t\t\t\t\t<\/div>\n\t\t\t\t<\/div>\n\t\t\t\t\t<\/div>\n\t\t\t\t<\/div>\n\t\t\t\t<\/div>","protected":false},"excerpt":{"rendered":"<p>Kontakt &amp; Anreise Du hast Fragen, besondere W\u00fcnsche oder m\u00f6chtest mehr \u00fcber die H\u00fctten erfahren? Melde dich gerne bei uns. Wir helfen dir gerne weiter und freuen uns auf deine Nachricht. Rodlhaus GruB\u00c4R Maierleiten 62, 4201 Gramastetten Stefan Gruber +43 681 105 138 11office@rodltal-huetten.at Whatsapp Ein Ort zum Ankommen Manchmal braucht es kein Unterwegssein, sondern einen Ort zum Bleiben. Einen Platz, an dem man zur Ruhe kommt und nichts weiter muss. Genau dort liegen wir \u2013 eingebettet in die Natur und weit genug entfernt, um den Alltag loszulassen. Linz 15 km Salzburg 150 km Wien 200 km M\u00fcnchen 260 km N\u00fcrnberg 300 km Anreise mit dem Auto Von Deutschland kommend fahren Sie \u00fcber Passau nach \u00d6sterreich und folgen dort der B130 entlang der Donau Richtung Aschach an der Donau. \u00dcber Walding folgen die der Beschilderung nach Gramastetten. Von Linz fahren Sie \u00fcber die B127 Richtung Rohrbach. Nach wenigen Kilometern biegen Sie Richtung Gramastetten ab und folgen der Beschilderung bis nach Maierleiten. Anreise mit der Bahn Der n\u00e4chstgelegene gr\u00f6\u00dfere Bahnhof ist Linz Hauptbahnhof, der von vielen deutschen St\u00e4dten direkt oder mit einem Umstieg erreichbar ist. Von dort bestehen regelm\u00e4\u00dfige Busverbindungen. Anreise mit dem Flugzeug Am bequemsten fliegen Sie zum Flughafen Linz. Von dort erreichen Sie Gramastetten mit dem Mietwagen oder per Bahn\/Bus \u00fcber Linz Hauptbahnhof. Alternativ sind auch die internationalen Flugh\u00e4fen M\u00fcnchen, Salzburg oder Wien m\u00f6glich, von wo aus Sie mit Bahn oder Auto weiterreisen k\u00f6nnen.<\/p>","protected":false},"author":2,"featured_media":0,"parent":0,"menu_order":0,"comment_status":"closed","ping_status":"closed","template":"","meta":{"footnotes":""},"class_list":["post-494","page","type-page","status-publish","hentry"],"_links":{"self":[{"href":"https:\/\/rodltal-huetten.at\/en\/wp-json\/wp\/v2\/pages\/494","targetHints":{"allow":["GET"]}}],"collection":[{"href":"https:\/\/rodltal-huetten.at\/en\/wp-json\/wp\/v2\/pages"}],"about":[{"href":"https:\/\/rodltal-huetten.at\/en\/wp-json\/wp\/v2\/types\/page"}],"author":[{"embeddable":true,"href":"https:\/\/rodltal-huetten.at\/en\/wp-json\/wp\/v2\/users\/2"}],"replies":[{"embeddable":true,"href":"https:\/\/rodltal-huetten.at\/en\/wp-json\/wp\/v2\/comments?post=494"}],"version-history":[{"count":53,"href":"https:\/\/rodltal-huetten.at\/en\/wp-json\/wp\/v2\/pages\/494\/revisions"}],"predecessor-version":[{"id":1756,"href":"https:\/\/rodltal-huetten.at\/en\/wp-json\/wp\/v2\/pages\/494\/revisions\/1756"}],"wp:attachment":[{"href":"https:\/\/rodltal-huetten.at\/en\/wp-json\/wp\/v2\/media?parent=494"}],"curies":[{"name":"wp","href":"https:\/\/api.w.org\/{rel}","templated":true}]}}