{"id":500,"date":"2026-01-06T22:36:51","date_gmt":"2026-01-06T21:36:51","guid":{"rendered":"http:\/\/localhost:8888\/?page_id=500"},"modified":"2026-02-04T18:49:56","modified_gmt":"2026-02-04T17:49:56","slug":"gutscheine","status":"publish","type":"page","link":"https:\/\/rodltal-huetten.at\/en\/gutscheine\/","title":{"rendered":"Vouchers"},"content":{"rendered":"<div data-elementor-type=\"wp-page\" data-elementor-id=\"500\" class=\"elementor elementor-500\">\n\t\t\t\t<div class=\"elementor-element elementor-element-e18ac85 e-flex e-con-boxed e-con e-parent\" data-id=\"e18ac85\" data-element_type=\"container\" data-e-type=\"container\" data-settings=\"{&quot;background_background&quot;:&quot;classic&quot;}\">\n\t\t\t\t\t<div class=\"e-con-inner\">\n\t\t<div class=\"elementor-element elementor-element-0b95e04 e-con-full e-flex e-con e-child\" data-id=\"0b95e04\" data-element_type=\"container\" data-e-type=\"container\">\n\t\t\t\t<div class=\"elementor-element elementor-element-6ba90d6 elementor-widget__width-initial elementor-widget elementor-widget-heading\" data-id=\"6ba90d6\" data-element_type=\"widget\" data-e-type=\"widget\" data-widget_type=\"heading.default\">\n\t\t\t\t\t<h1 class=\"elementor-heading-title elementor-size-default\">The perfect gift for any occasion<\/h1>\t\t\t\t<\/div>\n\t\t\t\t<\/div>\n\t\t\t\t\t<\/div>\n\t\t\t\t<\/div>\n\t\t<div class=\"elementor-element elementor-element-5ae3f19 e-flex e-con-boxed e-con e-parent\" data-id=\"5ae3f19\" data-element_type=\"container\" data-e-type=\"container\">\n\t\t\t\t\t<div class=\"e-con-inner\">\n\t\t<div class=\"elementor-element elementor-element-a80527b e-con-full e-flex e-con e-child\" data-id=\"a80527b\" data-element_type=\"container\" data-e-type=\"container\">\n\t\t\t\t<div class=\"elementor-element elementor-element-8cd1834 elementor-widget elementor-widget-text-editor\" data-id=\"8cd1834\" data-element_type=\"widget\" data-e-type=\"widget\" data-widget_type=\"text-editor.default\">\n\t\t\t\t\t\t\t\t\t<p>Are you looking for a gift that will touch the heart? Then surprise your loved ones with a gift certificate for an unforgettable experience. Simply select the desired amount and enter your contact details\u2014your gift certificate is almost ready. Whether for her, him, or couples\u2014this gift is perfect for any occasion and can be redeemed for any available cabin.<\/p><p>After placing your order, you will receive the print@home voucher and invoice conveniently by email. You can print out the voucher yourself and give it as a gift right away.<\/p><p>Redeeming it is also very easy: simply enter the voucher number when booking \u2013 done!<\/p>\t\t\t\t\t\t\t\t<\/div>\n\t\t\t\t<\/div>\n\t\t<div class=\"elementor-element elementor-element-e7556a2 e-con-full e-flex e-con e-child\" data-id=\"e7556a2\" data-element_type=\"container\" data-e-type=\"container\">\n\t\t\t\t<div class=\"elementor-element elementor-element-7dd1a76 elementor-widget elementor-widget-wpforms\" data-id=\"7dd1a76\" data-element_type=\"widget\" data-e-type=\"widget\" data-widget_type=\"wpforms.default\">\n\t\t\t\t<div class=\"elementor-widget-container\">\n\t\t\t\t\t<style id=\"wpforms-css-vars-elementor-widget-7dd1a76\">\n\t\t\t\t.elementor-widget-wpforms.elementor-element-7dd1a76 {\n\t\t\t\t--wpforms-field-border-radius: 300px;\n--wpforms-field-background-color: #FFFFFF00;\n--wpforms-field-border-color: #2E2F22;\n--wpforms-field-border-color-spare: #2E2F22;\n--wpforms-field-text-color: #2E2F22;\n--wpforms-label-sublabel-color: #2E2F22;\n--wpforms-button-border-radius: 300px;\n--wpforms-button-background-color: #2E2F22;\n--wpforms-button-text-color: #F1EAD8;\n--wpforms-button-size-font-size: 20px;\n--wpforms-button-size-height: 48px;\n--wpforms-button-size-padding-h: 20px;\n--wpforms-button-size-margin-top: 15px;\n\t\t\t}\n\t\t\t<\/style><div class=\"wpforms-container wpforms-container-full wpforms-render-modern\" id=\"wpforms-640\"><form id=\"wpforms-form-640\" class=\"wpforms-validate wpforms-form wpforms-ajax-form\" data-formid=\"640\" method=\"post\" enctype=\"multipart\/form-data\" action=\"\/en\/wp-json\/wp\/v2\/pages\/500\" data-token=\"864bef7de97b320ef80ce176a005fe1c\" data-token-time=\"1776605628\" data-trp-original-action=\"\/en\/wp-json\/wp\/v2\/pages\/500\"><noscript class=\"wpforms-error-noscript\">Please enable JavaScript in your browser to complete this form.<\/noscript><div id=\"wpforms-error-noscript\" style=\"display: none;\">Please enable JavaScript in your browser to complete this form.<\/div><div class=\"wpforms-field-container\"><div id=\"wpforms-640-field_1-container\" class=\"wpforms-field wpforms-field-name\" data-field-id=\"1\"><fieldset><legend class=\"wpforms-field-label wpforms-label-hide\" aria-hidden=\"false\">Name <span class=\"wpforms-required-label\" aria-hidden=\"true\">*<\/span><\/legend><div class=\"wpforms-field-row wpforms-field-large\"><div class=\"wpforms-field-row-block wpforms-first wpforms-one-half\"><input type=\"text\" id=\"wpforms-640-field_1\" class=\"wpforms-field-name-first wpforms-field-required\" name=\"wpforms[fields][1][first]\" placeholder=\"First name\" aria-errormessage=\"wpforms-640-field_1-error\" required><label for=\"wpforms-640-field_1\" class=\"wpforms-field-sublabel after wpforms-sublabel-hide\">First<\/label><\/div><div class=\"wpforms-field-row-block wpforms-one-half\"><input type=\"text\" id=\"wpforms-640-field_1-last\" class=\"wpforms-field-name-last wpforms-field-required\" name=\"wpforms[fields][1][last]\" placeholder=\"Last name\" aria-errormessage=\"wpforms-640-field_1-last-error\" required><label for=\"wpforms-640-field_1-last\" class=\"wpforms-field-sublabel after wpforms-sublabel-hide\">Last<\/label><\/div><\/div><\/fieldset><\/div><div id=\"wpforms-640-field_2-container\" class=\"wpforms-field wpforms-field-email\" data-field-id=\"2\"><label class=\"wpforms-field-label wpforms-label-hide\" for=\"wpforms-640-field_2\" aria-hidden=\"false\">Email address <span class=\"wpforms-required-label\" aria-hidden=\"true\">*<\/span><\/label><input type=\"email\" id=\"wpforms-640-field_2\" class=\"wpforms-field-large wpforms-field-required\" name=\"wpforms[fields][2]\" placeholder=\"Email address\" spellcheck=\"false\" aria-errormessage=\"wpforms-640-field_2-error\" required><\/div><div id=\"wpforms-640-field_4-container\" class=\"wpforms-field wpforms-field-number\" data-field-id=\"4\"><label class=\"wpforms-field-label wpforms-label-hide\" for=\"wpforms-640-field_4\" aria-hidden=\"false\">Numbers<\/label><input type=\"number\" id=\"wpforms-640-field_4\" class=\"wpforms-field-large\" name=\"wpforms[fields][4]\" placeholder=\"Phone number\" step=\"any\" aria-errormessage=\"wpforms-640-field_4-error\" ><\/div><div id=\"wpforms-640-field_7-container\" class=\"wpforms-field wpforms-field-text\" data-field-id=\"7\"><label class=\"wpforms-field-label wpforms-label-hide\" for=\"wpforms-640-field_7\" aria-hidden=\"false\">Residential address (street, number, postal code, and city) <span class=\"wpforms-required-label\" aria-hidden=\"true\">*<\/span><\/label><input type=\"text\" id=\"wpforms-640-field_7\" class=\"wpforms-field-large wpforms-field-required\" name=\"wpforms[fields][7]\" placeholder=\"Residential address (street, number, postal code, and city)\" aria-errormessage=\"wpforms-640-field_7-error\" required><\/div>\t\t<div id=\"wpforms-640-field_3-container\"\n\t\t\tclass=\"wpforms-field wpforms-field-text\"\n\t\t\tdata-field-type=\"text\"\n\t\t\tdata-field-id=\"3\"\n\t\t\t>\n\t\t\t<label class=\"wpforms-field-label\" for=\"wpforms-640-field_3\" >Name Wohnadresse E-Mail<\/label>\n\t\t\t<input type=\"text\" id=\"wpforms-640-field_3\" class=\"wpforms-field-medium\" name=\"wpforms[fields][3]\" >\n\t\t<\/div>\n\t\t<div id=\"wpforms-640-field_6-container\" class=\"wpforms-field wpforms-field-number\" data-field-id=\"6\"><label class=\"wpforms-field-label wpforms-label-hide\" for=\"wpforms-640-field_6\" aria-hidden=\"false\">Amount in \u20ac<\/label><input type=\"number\" id=\"wpforms-640-field_6\" class=\"wpforms-field-large\" name=\"wpforms[fields][6]\" placeholder=\"Amount in \u20ac\" step=\"any\" aria-errormessage=\"wpforms-640-field_6-error\" ><\/div><script>\n\t\t\t\t( function() {\n\t\t\t\t\tconst style = document.createElement( 'style' );\n\t\t\t\t\tstyle.appendChild( document.createTextNode( '#wpforms-640-field_3-container { position: absolute !important; overflow: hidden !important; display: inline !important; height: 1px !important; width: 1px !important; z-index: -1000 !important; padding: 0 !important; } #wpforms-640-field_3-container input { visibility: hidden; } #wpforms-conversational-form-page #wpforms-640-field_3-container label { counter-increment: none; }' ) );\n\t\t\t\t\tdocument.head.appendChild( style );\n\t\t\t\t\tdocument.currentScript?.remove();\n\t\t\t\t} )();\n\t\t\t<\/script><\/div><!-- .wpforms-field-container --><div class=\"wpforms-submit-container\" ><input type=\"hidden\" name=\"wpforms[id]\" value=\"640\"><input type=\"hidden\" name=\"page_title\" value=\"\"><input type=\"hidden\" name=\"page_url\" value=\"https:\/\/rodltal-huetten.at\/en\/wp-json\/wp\/v2\/pages\/500\"><input type=\"hidden\" name=\"url_referer\" value=\"\"><button type=\"submit\" name=\"wpforms[submit]\" id=\"wpforms-submit-640\" class=\"wpforms-submit\" data-alt-text=\"Bitte warten...\" data-submit-text=\"Jetzt bestellen &gt;\" aria-live=\"assertive\" value=\"wpforms-submit\">Order now &gt;<\/button><img decoding=\"async\" src=\"https:\/\/rodltal-huetten.at\/wp-content\/plugins\/wpforms-lite\/assets\/images\/submit-spin.svg\" class=\"wpforms-submit-spinner\" style=\"display: none;\" width=\"26\" height=\"26\" alt=\"Loading\"><\/div><input type=\"hidden\" name=\"trp-form-language\" value=\"en\"\/><\/form><\/div>  <!-- .wpforms-container -->\t\t\t\t<\/div>\n\t\t\t\t<\/div>\n\t\t\t\t<\/div>\n\t\t\t\t\t<\/div>\n\t\t\t\t<\/div>\n\t\t<div class=\"elementor-element elementor-element-a84f0aa e-flex e-con-boxed e-con e-parent\" data-id=\"a84f0aa\" data-element_type=\"container\" data-e-type=\"container\" data-settings=\"{&quot;background_background&quot;:&quot;classic&quot;}\">\n\t\t\t\t\t<div class=\"e-con-inner\">\n\t\t<div class=\"elementor-element elementor-element-db827ca e-con-full e-flex e-con e-child\" data-id=\"db827ca\" data-element_type=\"container\" data-e-type=\"container\">\n\t\t\t\t<div class=\"elementor-element elementor-element-70eadf0 elementor-widget__width-initial elementor-widget elementor-widget-heading\" data-id=\"70eadf0\" data-element_type=\"widget\" data-e-type=\"widget\" data-widget_type=\"heading.default\">\n\t\t\t\t\t<h2 class=\"elementor-heading-title elementor-size-default\">Would you prefer a voucher for one night?<\/h2>\t\t\t\t<\/div>\n\t\t\t\t<div class=\"elementor-element elementor-element-81caf33 elementor-widget__width-initial elementor-widget elementor-widget-heading\" data-id=\"81caf33\" data-element_type=\"widget\" data-e-type=\"widget\" data-widget_type=\"heading.default\">\n\t\t\t\t\t<h2 class=\"elementor-heading-title elementor-size-default\">Upon request, we will be happy to issue you with an individual accommodation voucher. Please feel free to contact us!  <\/h2>\t\t\t\t<\/div>\n\t\t\t\t<div class=\"elementor-element elementor-element-090e545 elementor-widget__width-initial elementor-widget elementor-widget-button\" data-id=\"090e545\" data-element_type=\"widget\" data-e-type=\"widget\" data-widget_type=\"button.default\">\n\t\t\t\t\t\t\t\t\t\t<a class=\"elementor-button elementor-button-link elementor-size-sm\" href=\"mailto:office@rodltal-huetten.at\">\n\t\t\t\t\t\t<span class=\"elementor-button-content-wrapper\">\n\t\t\t\t\t\t\t\t\t<span class=\"elementor-button-text\">Inquire now &gt;<\/span>\n\t\t\t\t\t<\/span>\n\t\t\t\t\t<\/a>\n\t\t\t\t\t\t\t\t<\/div>\n\t\t\t\t<\/div>\n\t\t\t\t\t<\/div>\n\t\t\t\t<\/div>\n\t\t\t\t<\/div>","protected":false},"excerpt":{"rendered":"<p>Das ideale Geschenk f\u00fcr jeden Anlass Du suchst ein Geschenk, das Herzen kommt? Dann \u00fcberrasche deine Liebsten mit einem Wertgutschein f\u00fcr eine unvergessliche Zeit. W\u00e4hle einfach den gew\u00fcnschten Betrag und trag deine Kontaktdaten ein \u2013 schon ist dein Gutschein fast fertig. Egal ob f\u00fcr Sie, Ihn oder f\u00fcr Paare \u2013 dieses Geschenk passt zu jedem Anlass und kann f\u00fcr jede verf\u00fcgbare H\u00fctte eingel\u00f6st werden. Nach der Bestellung bekommst du den print@home-Gutschein und die Rechnung bequem per E-Mail. Den Gutschein kannst du selbst ausdrucken und sofort Verschenken. Eingel\u00f6st ist er auch ganz einfach: Einfach bei der Buchung die Gutscheinnummer angeben \u2013 fertig! Please enable JavaScript in your browser to complete this form.Please enable JavaScript in your browser to complete this form. Name * FirstLast E-Mail *NumbersBetrag in \u20ac Jetzt bestellen &gt; Lieber einen Gutschein f\u00fcr eine Nacht? Auf Anfrage stellen wir dir nat\u00fcrlich auch gerne einen individuellen \u00dcbernachtungsgutschein aus. Melde dich gerne bei uns! Jetzt anfragen &gt;<\/p>","protected":false},"author":2,"featured_media":0,"parent":0,"menu_order":0,"comment_status":"closed","ping_status":"closed","template":"","meta":{"footnotes":""},"class_list":["post-500","page","type-page","status-publish","hentry"],"_links":{"self":[{"href":"https:\/\/rodltal-huetten.at\/en\/wp-json\/wp\/v2\/pages\/500","targetHints":{"allow":["GET"]}}],"collection":[{"href":"https:\/\/rodltal-huetten.at\/en\/wp-json\/wp\/v2\/pages"}],"about":[{"href":"https:\/\/rodltal-huetten.at\/en\/wp-json\/wp\/v2\/types\/page"}],"author":[{"embeddable":true,"href":"https:\/\/rodltal-huetten.at\/en\/wp-json\/wp\/v2\/users\/2"}],"replies":[{"embeddable":true,"href":"https:\/\/rodltal-huetten.at\/en\/wp-json\/wp\/v2\/comments?post=500"}],"version-history":[{"count":31,"href":"https:\/\/rodltal-huetten.at\/en\/wp-json\/wp\/v2\/pages\/500\/revisions"}],"predecessor-version":[{"id":1694,"href":"https:\/\/rodltal-huetten.at\/en\/wp-json\/wp\/v2\/pages\/500\/revisions\/1694"}],"wp:attachment":[{"href":"https:\/\/rodltal-huetten.at\/en\/wp-json\/wp\/v2\/media?parent=500"}],"curies":[{"name":"wp","href":"https:\/\/api.w.org\/{rel}","templated":true}]}}